{"id":2717,"date":"2016-03-19T14:30:08","date_gmt":"2016-03-19T14:30:08","guid":{"rendered":"https:\/\/demo2.chethemes.com\/electro\/?post_type=product&#038;p=2717"},"modified":"2024-11-15T11:36:47","modified_gmt":"2024-11-15T11:36:47","slug":"siemens-iq300-kg55ncie0n-186x70-cm-kolay-temizlenebilir-inox-alttan-donduruculu-buzdolabi","status":"publish","type":"product","link":"https:\/\/apexhome.com.tr\/index.php\/urun\/siemens-iq300-kg55ncie0n-186x70-cm-kolay-temizlenebilir-inox-alttan-donduruculu-buzdolabi\/","title":{"rendered":"Siemens IQ300 KG55NCIE0N 186X70 cm Kolay Temizlenebilir Inox Alttan Donduruculu Buzdolab\u0131"},"content":{"rendered":"<h2 class=\"product-features-text\">Siemens IQ300 KG55NCIE0N 186X70 cm Kolay Temizlenebilir Inox Alttan Donduruculu Buzdolab\u0131 \u00d6zellikleri<\/h2>\n<table>\n<tbody>\n<tr>\n<td class=\"no-border\">\n<table>\n<tbody>\n<tr>\n<td>\n<div class=\"tealium\">\n<div id=\"ccs-inline-content\" class=\"cnet-integration\"><\/div>\n<\/div>\n<\/td>\n<\/tr>\n<\/tbody>\n<\/table>\n<table>\n<tbody>\n<tr>\n<td>\n<div id=\"productTechSpecContainer\">\n<table class=\"data-list tech-spec\">\n<caption>\u00a0<\/caption>\n<tbody>\n<tr>\n<th>AB Yeni Enerji S\u0131n\u0131f\u0131<\/th>\n<td>E<\/td>\n<\/tr>\n<tr>\n<th>Ayd\u0131nlatma<\/th>\n<td>Var<\/td>\n<\/tr>\n<tr>\n<th>Derinlik (cm)<\/th>\n<td>80<\/td>\n<\/tr>\n<tr>\n<th>Dondurucu B\u00f6lmeler Toplam Net Hacim<\/th>\n<td>108 lt<\/td>\n<\/tr>\n<tr>\n<th>Dondurucu \u00c7ekmece Say\u0131s\u0131<\/th>\n<td>3 \u00c7ekmeceli<\/td>\n<\/tr>\n<tr>\n<th>Dondurucu \u00d6zelli\u011fi<\/th>\n<td>No Frost<\/td>\n<\/tr>\n<tr>\n<th>Dondurucu Raf Say\u0131s\u0131<\/th>\n<td>Yok<\/td>\n<\/tr>\n<tr>\n<th>Geni\u015flik (cm)<\/th>\n<td>70<\/td>\n<\/tr>\n<tr>\n<th>H\u0131zl\u0131 Dondurma<\/th>\n<td>Var<\/td>\n<\/tr>\n<tr>\n<th>H\u0131zl\u0131 So\u011futma<\/th>\n<td>Yok<\/td>\n<\/tr>\n<tr>\n<th>Kap\u0131 Y\u00f6n\u00fc<\/th>\n<td>De\u011fi\u015ftirilebilir<\/td>\n<\/tr>\n<tr>\n<th>Kontrol Paneli<\/th>\n<td>Dijital<\/td>\n<\/tr>\n<tr>\n<th>Kullan\u0131m \u015eekli<\/th>\n<td>Solo<\/td>\n<\/tr>\n<tr>\n<th>Renk<\/th>\n<td><a href=\"https:\/\/www.hepsiburada.com\/buzdolaplari-c-22154?filtreler=renktipi:Inox\">Inox<\/a><\/td>\n<\/tr>\n<tr>\n<th>Ses G\u00fcc\u00fc D\u00fczeyi Db(A)<\/th>\n<td>40<\/td>\n<\/tr>\n<tr>\n<th>Ses G\u00fcc\u00fc S\u0131n\u0131f\u0131<\/th>\n<td>C<\/td>\n<\/tr>\n<tr>\n<th>So\u011futucu B\u00f6lmeler Toplam Net Hacim<\/th>\n<td>375 lt<\/td>\n<\/tr>\n<tr>\n<th>So\u011futucu \u00c7ekmece Say\u0131s\u0131<\/th>\n<td>2 \u00c7ekmeceli<\/td>\n<\/tr>\n<tr>\n<th>So\u011futucu Raf Say\u0131s\u0131<\/th>\n<td>3 Rafl\u0131<\/td>\n<\/tr>\n<tr>\n<th>Toplam Net Hacim<\/th>\n<td>483 lt<\/td>\n<\/tr>\n<tr>\n<th>\u00dcretici<\/th>\n<td>Siemens<\/td>\n<\/tr>\n<tr>\n<th>\u00dcr\u00fcn Tipi<\/th>\n<td><a href=\"https:\/\/www.hepsiburada.com\/buzdolaplari-c-22154?filtreler=uruntipi:Kombi%E2%82%AC20Tipi\">Kombi Tipi<\/a><\/td>\n<\/tr>\n<tr>\n<th>Y\u0131ll\u0131k Enerji T\u00fcketimi (kWh)<\/th>\n<td>261<\/td>\n<\/tr>\n<tr>\n<th>Y\u00fckseklik (cm)<\/th>\n<td>186<\/td>\n<\/tr>\n<\/tbody>\n<\/table>\n<\/div>\n<\/td>\n<\/tr>\n<\/tbody>\n<\/table>\n<\/td>\n<\/tr>\n<\/tbody>\n<\/table>\n","protected":false},"excerpt":{"rendered":"<ul>\n<li><strong data-bind=\"text: $data.name\">Y\u00fckseklik (cm)<\/strong><span data-bind=\"text: $data.property\">186<\/span><\/li>\n<li><strong data-bind=\"text: $data.name\">Y\u0131ll\u0131k Enerji T\u00fcketimi (kWh)<\/strong><span data-bind=\"text: $data.property\">261<\/span><\/li>\n<li><strong data-bind=\"text: $data.name\">\u00dcr\u00fcn Tipi<\/strong><span data-bind=\"text: $data.property\">Kombi Tipi<\/span><\/li>\n<li><strong data-bind=\"text: $data.name\">Derinlik (cm)<\/strong><span data-bind=\"text: $data.property\">80<\/span><\/li>\n<li><strong data-bind=\"text: $data.name\">Geni\u015flik (cm)<\/strong><span data-bind=\"text: $data.property\">70<\/span><\/li>\n<li><strong data-bind=\"text: $data.name\">Dondurucu \u00d6zelli\u011fi<\/strong><span data-bind=\"text: $data.property\">No Frost<\/span><\/li>\n<li><strong data-bind=\"text: $data.name\">Kullan\u0131m \u015eekli<\/strong><span data-bind=\"text: $data.property\">Solo<\/span><\/li>\n<li><\/li>\n<\/ul>\n","protected":false},"featured_media":5398,"comment_status":"open","ping_status":"closed","template":"","meta":{"_acf_changed":false},"product_brand":[],"product_cat":[46],"product_tag":[],"class_list":{"0":"post-2717","1":"product","2":"type-product","3":"status-publish","4":"has-post-thumbnail","6":"product_cat-buzdolaplari-ve-derin-dondurucular","8":"first","9":"instock","10":"taxable","11":"shipping-taxable","12":"purchasable","13":"product-type-simple"},"acf":[],"_links":{"self":[{"href":"https:\/\/apexhome.com.tr\/index.php\/wp-json\/wp\/v2\/product\/2717","targetHints":{"allow":["GET"]}}],"collection":[{"href":"https:\/\/apexhome.com.tr\/index.php\/wp-json\/wp\/v2\/product"}],"about":[{"href":"https:\/\/apexhome.com.tr\/index.php\/wp-json\/wp\/v2\/types\/product"}],"replies":[{"embeddable":true,"href":"https:\/\/apexhome.com.tr\/index.php\/wp-json\/wp\/v2\/comments?post=2717"}],"wp:featuredmedia":[{"embeddable":true,"href":"https:\/\/apexhome.com.tr\/index.php\/wp-json\/wp\/v2\/media\/5398"}],"wp:attachment":[{"href":"https:\/\/apexhome.com.tr\/index.php\/wp-json\/wp\/v2\/media?parent=2717"}],"wp:term":[{"taxonomy":"product_brand","embeddable":true,"href":"https:\/\/apexhome.com.tr\/index.php\/wp-json\/wp\/v2\/product_brand?post=2717"},{"taxonomy":"product_cat","embeddable":true,"href":"https:\/\/apexhome.com.tr\/index.php\/wp-json\/wp\/v2\/product_cat?post=2717"},{"taxonomy":"product_tag","embeddable":true,"href":"https:\/\/apexhome.com.tr\/index.php\/wp-json\/wp\/v2\/product_tag?post=2717"}],"curies":[{"name":"wp","href":"https:\/\/api.w.org\/{rel}","templated":true}]}}