{"id":2702,"date":"2016-03-19T14:10:36","date_gmt":"2016-03-19T14:10:36","guid":{"rendered":"https:\/\/demo2.chethemes.com\/electro\/?post_type=product&#038;p=2702"},"modified":"2024-11-15T11:38:07","modified_gmt":"2024-11-15T11:38:07","slug":"siemens-et611he17e-iq100-60-cm-ankastre-elektrikli-cam-seramik-ocak","status":"publish","type":"product","link":"https:\/\/apexhome.com.tr\/index.php\/urun\/siemens-et611he17e-iq100-60-cm-ankastre-elektrikli-cam-seramik-ocak\/","title":{"rendered":"Siemens ET611HE17E iQ100 60 Cm Ankastre Elektrikli Cam Seramik Ocak"},"content":{"rendered":"<table style=\"font-weight: 400;\">\n<tbody>\n<tr>\n<td>Siemens ET611HE17E iQ100 60 Cm Ankastre Elektrikli Cam Seramik Ocak<\/p>\n<p><strong style=\"font-weight: 700 !important;\">Tasar\u0131m<\/strong><\/p>\n<p>&nbsp;<\/p>\n<p>\u00b7\u00a0\u00a0\u00a0\u00a0\u00a0\u00a0\u00a0\u00a0\u00a0\u00c7er\u00e7evesiz tasar\u0131m<\/p>\n<p>\u00b7\u00a0\u00a0\u00a0\u00a0\u00a0\u00a0\u00a0\u00a0\u00a0Dekorsuz cam seramik<\/p>\n<p>&nbsp;<\/p>\n<p><strong style=\"font-weight: 700 !important;\">Komfort Design<\/strong><\/p>\n<p>&nbsp;<\/p>\n<p>\u00b7\u00a0\u00a0\u00a0\u00a0\u00a0\u00a0\u00a0\u00a0\u00a04 y\u0131ld\u0131r\u0131m h\u0131zl\u0131 elektrikli ocak g\u00f6z\u00fc<\/p>\n<p>\u00b7\u00a0\u00a0\u00a0\u00a0\u00a0\u00a0\u00a0\u00a0\u00a017 g\u00fc\u00e7 kademesi<\/p>\n<p>\u00b7\u00a0\u00a0\u00a0\u00a0\u00a0\u00a0\u00a0\u00a0\u00a0Dijital g\u00f6sterge<\/p>\n<p>&nbsp;<\/p>\n<p><strong style=\"font-weight: 700 !important;\">G\u00fcvenlik<\/strong><\/p>\n<p>&nbsp;<\/p>\n<p>\u00b7\u00a0\u00a0\u00a0\u00a0\u00a0\u00a0\u00a0\u00a0\u00a0Her ocak g\u00f6z\u00fc i\u00e7in 2&#8242; li at\u0131l \u0131s\u0131 g\u00f6stergesi<\/p>\n<p>\u00b7\u00a0\u00a0\u00a0\u00a0\u00a0\u00a0\u00a0\u00a0\u00a0\u00c7ocuk emniyet tu\u015fu<\/p>\n<p>\u00b7\u00a0\u00a0\u00a0\u00a0\u00a0\u00a0\u00a0\u00a0\u00a0Emniyet i\u00e7in kendi kendine kapanma<\/p>\n<p>\u00b7\u00a0\u00a0\u00a0\u00a0\u00a0\u00a0\u00a0\u00a0\u00a0\u00c7al\u0131\u015fma g\u00f6stergesi<\/p>\n<p>\u00b7\u00a0\u00a0\u00a0\u00a0\u00a0\u00a0\u00a0\u00a0\u00a0MainSwitch: tek tu\u015f ile cihaz\u0131 a\u00e7ma ve durdurma<\/td>\n<\/tr>\n<\/tbody>\n<\/table>\n","protected":false},"excerpt":{"rendered":"<ul>\n<li><strong data-bind=\"text: $data.name\">Ocak Tipi<\/strong><span data-bind=\"text: $data.property\">Elektrikli<\/span><\/li>\n<li><strong data-bind=\"text: $data.name\">Elektrikli Ocak G\u00f6z\u00fc<\/strong><span data-bind=\"text: $data.property\">4<\/span><\/li>\n<li><strong data-bind=\"text: $data.name\">Yak\u0131t Tipi<\/strong><span data-bind=\"text: $data.property\">Elektrikli<\/span><\/li>\n<li><strong data-bind=\"text: $data.name\">Gazl\u0131 Ocak G\u00f6z\u00fc<\/strong><span data-bind=\"text: $data.property\">Yok<\/span><\/li>\n<li><strong data-bind=\"text: $data.name\">Ocak Y\u00fczeyi<\/strong><span data-bind=\"text: $data.property\">Cam<\/span><\/li>\n<li><strong data-bind=\"text: $data.name\">Ate\u015fleme Tipi<\/strong><span data-bind=\"text: $data.property\">Dokunmatik<\/span><\/li>\n<li><strong data-bind=\"text: $data.name\">Ocak G\u00f6z Say\u0131s\u0131<\/strong><span data-bind=\"text: $data.property\">4 G\u00f6z\u00fc Elektrikli<\/span><\/li>\n<\/ul>\n","protected":false},"featured_media":5402,"comment_status":"open","ping_status":"closed","template":"","meta":{"_acf_changed":false},"product_brand":[],"product_cat":[49],"product_tag":[],"class_list":{"0":"post-2702","1":"product","2":"type-product","3":"status-publish","4":"has-post-thumbnail","6":"product_cat-pisirme-grubu","8":"first","9":"instock","10":"taxable","11":"shipping-taxable","12":"purchasable","13":"product-type-simple"},"acf":[],"_links":{"self":[{"href":"https:\/\/apexhome.com.tr\/index.php\/wp-json\/wp\/v2\/product\/2702","targetHints":{"allow":["GET"]}}],"collection":[{"href":"https:\/\/apexhome.com.tr\/index.php\/wp-json\/wp\/v2\/product"}],"about":[{"href":"https:\/\/apexhome.com.tr\/index.php\/wp-json\/wp\/v2\/types\/product"}],"replies":[{"embeddable":true,"href":"https:\/\/apexhome.com.tr\/index.php\/wp-json\/wp\/v2\/comments?post=2702"}],"wp:featuredmedia":[{"embeddable":true,"href":"https:\/\/apexhome.com.tr\/index.php\/wp-json\/wp\/v2\/media\/5402"}],"wp:attachment":[{"href":"https:\/\/apexhome.com.tr\/index.php\/wp-json\/wp\/v2\/media?parent=2702"}],"wp:term":[{"taxonomy":"product_brand","embeddable":true,"href":"https:\/\/apexhome.com.tr\/index.php\/wp-json\/wp\/v2\/product_brand?post=2702"},{"taxonomy":"product_cat","embeddable":true,"href":"https:\/\/apexhome.com.tr\/index.php\/wp-json\/wp\/v2\/product_cat?post=2702"},{"taxonomy":"product_tag","embeddable":true,"href":"https:\/\/apexhome.com.tr\/index.php\/wp-json\/wp\/v2\/product_tag?post=2702"}],"curies":[{"name":"wp","href":"https:\/\/api.w.org\/{rel}","templated":true}]}}