{"id":2639,"date":"2016-03-17T08:58:50","date_gmt":"2016-03-17T08:58:50","guid":{"rendered":"https:\/\/demo2.chethemes.com\/electro\/?post_type=product&#038;p=2639"},"modified":"2024-11-15T11:39:03","modified_gmt":"2024-11-15T11:39:03","slug":"siemens-lc68kak20t-duvar-tipi-davlumbaz-beyaz","status":"publish","type":"product","link":"https:\/\/apexhome.com.tr\/index.php\/urun\/siemens-lc68kak20t-duvar-tipi-davlumbaz-beyaz\/","title":{"rendered":"SIEMENS LC68KAK20T Duvar Tipi Davlumbaz Beyaz"},"content":{"rendered":"<div class=\"contentbox clear\">\n<p class=\"description\">emi\u015f h\u0131z\u0131 :750 m3\/h g\u00fcc\u00fcndeki emi\u015f h\u0131z\u0131, pi\u015firme s\u0131ras\u0131nda temiz hava sa\u011flar.<\/p>\n<\/div>\n<div class=\"contentbox clear\">\n<p class=\"description\">Hem istedi\u011finiz oranda hem de enerji tasarruflu ho\u015f parlakl\u0131k: LED Ayd\u0131nlatma<\/p>\n<div class=\"contenttext addafter fullWidth\">Enerji tasarruflu LED ayd\u0131nlatma, optimum g\u00f6r\u00fcn\u00fcrl\u00fck ve keyifli bir pi\u015firme deneyimi sa\u011flar.<\/div>\n<\/div>\n<div class=\"contentbox clear\">\n<p class=\"description\">\n<div class=\"contenttext addafter fullWidth\">Enerji Verimlili\u011fi S\u0131n\u0131flar\u0131 \u00d6l\u00e7e\u011fi (A+++&#8217;dan D&#8217;ye)<\/div>\n<\/div>\n","protected":false},"excerpt":{"rendered":"<ul>\n<li>Y\u00fcksek verimli \u00e7ift \u00fcfleme<\/li>\n<li>120 mm, 150 mm \u00e7ap\u0131nda baca borusu ile kullan\u0131ma uygundur<\/li>\n<\/ul>\n","protected":false},"featured_media":5405,"comment_status":"open","ping_status":"closed","template":"","meta":{"_acf_changed":false},"product_brand":[],"product_cat":[50],"product_tag":[],"class_list":{"0":"post-2639","1":"product","2":"type-product","3":"status-publish","4":"has-post-thumbnail","6":"product_cat-ankastre-urunler","8":"first","9":"instock","10":"taxable","11":"shipping-taxable","12":"purchasable","13":"product-type-simple"},"acf":[],"_links":{"self":[{"href":"https:\/\/apexhome.com.tr\/index.php\/wp-json\/wp\/v2\/product\/2639","targetHints":{"allow":["GET"]}}],"collection":[{"href":"https:\/\/apexhome.com.tr\/index.php\/wp-json\/wp\/v2\/product"}],"about":[{"href":"https:\/\/apexhome.com.tr\/index.php\/wp-json\/wp\/v2\/types\/product"}],"replies":[{"embeddable":true,"href":"https:\/\/apexhome.com.tr\/index.php\/wp-json\/wp\/v2\/comments?post=2639"}],"wp:featuredmedia":[{"embeddable":true,"href":"https:\/\/apexhome.com.tr\/index.php\/wp-json\/wp\/v2\/media\/5405"}],"wp:attachment":[{"href":"https:\/\/apexhome.com.tr\/index.php\/wp-json\/wp\/v2\/media?parent=2639"}],"wp:term":[{"taxonomy":"product_brand","embeddable":true,"href":"https:\/\/apexhome.com.tr\/index.php\/wp-json\/wp\/v2\/product_brand?post=2639"},{"taxonomy":"product_cat","embeddable":true,"href":"https:\/\/apexhome.com.tr\/index.php\/wp-json\/wp\/v2\/product_cat?post=2639"},{"taxonomy":"product_tag","embeddable":true,"href":"https:\/\/apexhome.com.tr\/index.php\/wp-json\/wp\/v2\/product_tag?post=2639"}],"curies":[{"name":"wp","href":"https:\/\/api.w.org\/{rel}","templated":true}]}}